{"id":279,"date":"2024-11-05T15:54:34","date_gmt":"2024-11-05T15:54:34","guid":{"rendered":"https:\/\/tierarztpraxis-anjamochow.de\/?page_id=279"},"modified":"2024-11-13T15:40:23","modified_gmt":"2024-11-13T15:40:23","slug":"impressum","status":"publish","type":"page","link":"https:\/\/tierarztpraxis-anjamochow.de\/?page_id=279","title":{"rendered":"Impressum"},"content":{"rendered":"\n<p><strong>Herausgeber<\/strong><\/p>\n\n\n\n<p><br>Anja Mochow<\/p>\n\n\n\n<p>Berliner Strasse 61a, 14467 Potsdam<\/p>\n\n\n\n<p>Telefon: +49 331 81705384<\/p>\n\n\n\n<p>E-Mail: info@tierarztpraxis-anjamochow.de<\/p>\n\n\n\n<p><strong>Verantwortlich f\u00fcr redaktionelle Inhalte gem\u00e4\u00df \u00a7 55 Absatz 2 RStV:<\/strong> Anja Mochow<\/p>\n\n\n\n<p><strong>Berufsbezeichnung und berufsrechtliche Regelungen<\/strong><\/p>\n\n\n\n<p><br>Landestier\u00e4rztekammer Brandenburg<br>M\u00fcllroser Chaussee 50<br>15236 Frankfurt (Oder)<\/p>\n\n\n\n<p><strong><br>Aufsichtsbeh\u00f6rde<\/strong><\/p>\n\n\n\n<p>Landestier\u00e4rztekammer Brandenburg<br>M\u00fcllroser Chaussee 50<br>15236 Frankfurt (Oder)<\/p>\n\n\n\n<p>Telefon: +49335-28492848<\/p>\n\n\n\n<p><br><br>Die Europ\u00e4ische Kommission hat eine Plattform zur Online-Streitbeilegung bereitgestellt. Die OS-Plattform finden Sie unter diesem Link: <strong>http:\/\/ec.europa.eu\/consumers\/odr<\/strong><\/p>\n\n\n\n<p><strong><br><br>Technische Informationen<\/strong><\/p>\n\n\n\n<p>Wir weisen Sie darauf hin, dass die Vertraulichkeit im Internet nicht gew\u00e4hrleistet ist. Jeder Benutzer ist daher allein verantwortlich, seine Daten und\/oder Softwares vor eventuell im Internet zirkulierenden Viren angemessen zu sch\u00fctzen.<\/p>\n\n\n\n<p><strong><br>Hyperlinks<\/strong><\/p>\n\n\n\n<p>Die Einrichtung eines Hyperlinks auf der Website www.tierartzpraxis-anjamochow.de unterliegt der Genehmigung des publizistischen Leiters. Der publizistische Leiter \u00fcbernimmt keinerlei Haftung f\u00fcr auf der Website www.tierartzpraxis-anjamochow.de eingerichtete Hyperlinks zu anderen Websites.<\/p>\n\n\n\n<p><strong>Urheberrechte<\/strong><\/p>\n\n\n\n<p>Die durch die Seitenbetreiber erstellten Inhalte auf diesen Seiten unterliegen dem deutschen Urheberrecht. Die Vervielf\u00e4ltigung, Bearbeitung, Verbreitung und jede Art der Verwertung au\u00dferhalb der Grenzen des Urheberrechtes bed\u00fcrfen der schriftlichen Zustimmung des Rechtsinhabers bzw. des Erstellers. Jede vollst\u00e4ndige oder teilweise Reproduktion oder Darstellung der Webseiten, Daten oder eines Bestandteils der Website www.tierartzpraxis-anjamochow.de, in welchem Verfahren und auf welchem Datentr\u00e4ger auch immer, ist ohne Zustimmung des Herausgebers untersagt und bedeutet eine F\u00e4lschung.<\/p>\n\n\n\n<p><strong>Haftungsausschluss<\/strong><\/p>\n\n\n\n<p>Die Inhalte unserer Seiten wurden mit gr\u00f6\u00dfter Sorgfalt erstellt. F\u00fcr die Richtigkeit, Vollst\u00e4ndigkeit und Aktualit\u00e4t der Inhalte kann keine Gew\u00e4hr \u00fcbernommen werden. Als Diensteanbieter bzw. Herausgeber dieser Website sind wir gem\u00e4\u00df \u00a7 7 Abs. 1 TMG f\u00fcr eigene Inhalte auf diesen Seiten nach den allgemeinen Gesetzen verantwortlich. Nach \u00a7\u00a7 8 bis 10 TMG sind wir als Diensteanbieter bzw. Herausgeber jedoch nicht verpflichtet, \u00fcbermittelte oder gespeicherte fremde Informationen zu \u00fcberwachen oder nach Umst\u00e4nden zu forschen, die auf eine rechtswidrige T\u00e4tigkeit hinweisen. Verpflichtungen zur Entfernung oder Sperrung der Nutzung von Informationen nach den allgemeinen Gesetzen bleiben hiervon unber\u00fchrt. Eine diesbez\u00fcgliche Haftung ist jedoch erst ab dem Zeitpunkt der Kenntnis einer konkreten Rechtsverletzung m\u00f6glich. Bei Bekanntwerden von entsprechenden Rechtsverletzungen werden wir diese Inhalte umgehend entfernen.<\/p>\n\n\n\n<p><strong><br>Streitbeilegungsverfahren<\/strong><\/p>\n\n\n\n<p>Wir sind zur Teilnahme an Streitbeilegungsverfahren vor einer Verbraucherschlichtungsstelle bereit. Die zust\u00e4ndige Verbraucherschlichtungsstelle ist:<\/p>\n\n\n\n<p>Landestier\u00e4rztekammer Brandenburg<\/p>\n\n\n\n<p>M\u00fcllroser Chaussee 50, 15236 Frankfurt (Oder)<\/p>\n\n\n\n<figure class=\"wp-block-embed is-type-wp-embed is-provider-landestier-rztekammer-brandenburg wp-block-embed-landestier-rztekammer-brandenburg\"><div class=\"wp-block-embed__wrapper\">\n\t\t<div class=\"embed-privacy-container is-disabled embed-www-ltk-brandenburg-de\" data-embed-id=\"oembed_eea0f8cf649febea6dbb8947fa36f5e8\" data-embed-provider=\"www-ltk-brandenburg-de\" style=\"aspect-ratio: 600\/338;\">\t\t\t\t\t\t<button type=\"button\" class=\"embed-privacy-enable screen-reader-text\">\u201e\u201eHome\u201c \u2014 Landestier\u00e4rztekammer Brandenburg\u201c von www.ltk-brandenburg.de anzeigen<\/button>\t\t\t\t\t\t<div class=\"embed-privacy-overlay\">\t\t\t\t<div class=\"embed-privacy-inner\">\t\t\t\t\t\t\t<p>\t\tHier klicken, um den Inhalt von www.ltk-brandenburg.de anzuzeigen.\t\t<\/p>\t\t<p class=\"embed-privacy-input-wrapper\">\t\t\t<input id=\"embed-privacy-store-www-ltk-brandenburg-de-eea0f8cf649febea6dbb8947fa36f5e8\" type=\"checkbox\" value=\"1\" class=\"embed-privacy-input\" data-embed-provider=\"www-ltk-brandenburg-de\">\t\t\t<label for=\"embed-privacy-store-www-ltk-brandenburg-de-eea0f8cf649febea6dbb8947fa36f5e8\" class=\"embed-privacy-label\" data-embed-provider=\"www-ltk-brandenburg-de\">\t\t\t\tInhalt von www.ltk-brandenburg.de immer anzeigen\t\t\t<\/label>\t\t<\/p>\t\t\t\t\t\t<\/div>\t\t\t\t\t\t\t\t<div class=\"embed-privacy-footer\"><span class=\"embed-privacy-url\"><a href=\"https:\/\/www.ltk-brandenburg.de\">\u201e\u201eHome\u201c \u2014 Landestier\u00e4rztekammer Brandenburg\u201c direkt \u00f6ffnen<\/a><\/span><\/div>\t\t\t<\/div>\t\t\t\t\t\t<div class=\"embed-privacy-content\">\t\t\t\t<script>var _oembed_eea0f8cf649febea6dbb8947fa36f5e8 = '{\\\"embed\\\":\\\"&lt;blockquote class=&quot;wp-embedded-content&quot; data-secret=&quot;LxKIRn9iEw&quot;&gt;&lt;a href=&quot;https:\\\\\/\\\\\/www.ltk-brandenburg.de\\\\\/&quot;&gt;Home&lt;\\\\\/a&gt;&lt;\\\\\/blockquote&gt;&lt;iframe class=&quot;wp-embedded-content&quot; sandbox=&quot;allow-scripts&quot; security=&quot;restricted&quot; style=&quot;position: absolute; visibility: hidden;&quot; title=&quot;&amp;#8222;Home&amp;#8220; &amp;#8212; Landestier&auml;rztekammer Brandenburg&quot; src=&quot;https:\\\\\/\\\\\/www.ltk-brandenburg.de\\\\\/embed\\\\\/#?secret=MIvSwWxrsX#?secret=LxKIRn9iEw&quot; data-secret=&quot;LxKIRn9iEw&quot; width=&quot;600&quot; height=&quot;338&quot; frameborder=&quot;0&quot; marginwidth=&quot;0&quot; marginheight=&quot;0&quot; scrolling=&quot;no&quot;&gt;&lt;\\\\\/iframe&gt;\\\"}';<\/script>\t\t\t<\/div>\t\t<\/div>\t\t\n<\/div><\/figure>\n","protected":false},"excerpt":{"rendered":"<p>Herausgeber Anja Mochow Berliner Strasse 61a, 14467 Potsdam Telefon: +49 331 81705384 E-Mail: info@tierarztpraxis-anjamochow.de Verantwortlich f\u00fcr redaktionelle Inhalte gem\u00e4\u00df \u00a7 55 Absatz 2 RStV: Anja Mochow Berufsbezeichnung und berufsrechtliche Regelungen Landestier\u00e4rztekammer BrandenburgM\u00fcllroser Chaussee 5015236 Frankfurt (Oder) Aufsichtsbeh\u00f6rde Landestier\u00e4rztekammer BrandenburgM\u00fcllroser Chaussee 5015236 Frankfurt (Oder) Telefon: +49335-28492848 Die Europ\u00e4ische Kommission hat eine Plattform zur Online-Streitbeilegung bereitgestellt. Die&#8230;<\/p>\n","protected":false},"author":1,"featured_media":0,"parent":0,"menu_order":0,"comment_status":"closed","ping_status":"closed","template":"","meta":{"footnotes":""},"class_list":["post-279","page","type-page","status-publish","hentry"],"_links":{"self":[{"href":"https:\/\/tierarztpraxis-anjamochow.de\/index.php?rest_route=\/wp\/v2\/pages\/279"}],"collection":[{"href":"https:\/\/tierarztpraxis-anjamochow.de\/index.php?rest_route=\/wp\/v2\/pages"}],"about":[{"href":"https:\/\/tierarztpraxis-anjamochow.de\/index.php?rest_route=\/wp\/v2\/types\/page"}],"author":[{"embeddable":true,"href":"https:\/\/tierarztpraxis-anjamochow.de\/index.php?rest_route=\/wp\/v2\/users\/1"}],"replies":[{"embeddable":true,"href":"https:\/\/tierarztpraxis-anjamochow.de\/index.php?rest_route=%2Fwp%2Fv2%2Fcomments&post=279"}],"version-history":[{"count":4,"href":"https:\/\/tierarztpraxis-anjamochow.de\/index.php?rest_route=\/wp\/v2\/pages\/279\/revisions"}],"predecessor-version":[{"id":442,"href":"https:\/\/tierarztpraxis-anjamochow.de\/index.php?rest_route=\/wp\/v2\/pages\/279\/revisions\/442"}],"wp:attachment":[{"href":"https:\/\/tierarztpraxis-anjamochow.de\/index.php?rest_route=%2Fwp%2Fv2%2Fmedia&parent=279"}],"curies":[{"name":"wp","href":"https:\/\/api.w.org\/{rel}","templated":true}]}}