{"id":390,"date":"2024-11-09T12:57:35","date_gmt":"2024-11-09T12:57:35","guid":{"rendered":"https:\/\/tierarztpraxis-anjamochow.de\/?page_id=390"},"modified":"2025-10-15T10:26:23","modified_gmt":"2025-10-15T10:26:23","slug":"390-2","status":"publish","type":"page","link":"https:\/\/tierarztpraxis-anjamochow.de\/","title":{"rendered":""},"content":{"rendered":"\n<p><\/p>\n\n\n\n<p>Als Tier\u00e4rztin und Tierheilpraktikerin habe ich unterschiedliche Ans\u00e4tze zur Behandlung.<\/p>\n\n\n\n<p>Ich nehme mir grunds\u00e4tzlich viel Zeit f\u00fcr Sie und Ihr Tier.<\/p>\n\n\n\n<p>Mit einer umfangreichen Anamnese kann ich zwischen naturheilkundlichen und\/oder schulmedizinischen Behandlungsm\u00f6glichkeiten abw\u00e4gen, um so Ihrem Tier bestm\u00f6glich helfen zu k\u00f6nnen.<\/p>\n\n\n\n<p><strong>Praxis Sprechstunden in 14467 Potsdam, Berliner Stra\u00dfe 61a:<\/strong><\/p>\n\n\n\n<p class=\"has-text-align-left\">Dienstag und Donnerstag von 12 &#8211; 16 Uhr<\/p>\n\n\n\n<p>Samstag von 10 &#8211; 12 Uhr<\/p>\n\n\n\n<p><strong>Hausbesuche nach Vereinbarung<\/strong><\/p>\n\n\n\n<p><strong>Terminvereinbarungen unter<\/strong><strong> 0177 &#8211; 63 69 804<\/strong><\/p>\n\n\n\n<p>Meine Preise orientieren sich an der jeweils aktuell g\u00fcltigen Geb\u00fchrenverordnung f\u00fcr Tier\u00e4rzte.<\/p>\n\n\n\n<p><\/p>\n","protected":false},"excerpt":{"rendered":"<p>Als Tier\u00e4rztin und Tierheilpraktikerin habe ich unterschiedliche Ans\u00e4tze zur Behandlung. Ich nehme mir grunds\u00e4tzlich viel Zeit f\u00fcr Sie und Ihr Tier. Mit einer umfangreichen Anamnese kann ich zwischen naturheilkundlichen und\/oder schulmedizinischen Behandlungsm\u00f6glichkeiten abw\u00e4gen, um so Ihrem Tier bestm\u00f6glich helfen zu k\u00f6nnen. Praxis Sprechstunden in 14467 Potsdam, Berliner Stra\u00dfe 61a: Dienstag und Donnerstag von 12 &#8211;&#8230;<\/p>\n","protected":false},"author":1,"featured_media":444,"parent":0,"menu_order":0,"comment_status":"closed","ping_status":"closed","template":"","meta":{"footnotes":""},"class_list":["post-390","page","type-page","status-publish","has-post-thumbnail","hentry"],"_links":{"self":[{"href":"https:\/\/tierarztpraxis-anjamochow.de\/index.php?rest_route=\/wp\/v2\/pages\/390"}],"collection":[{"href":"https:\/\/tierarztpraxis-anjamochow.de\/index.php?rest_route=\/wp\/v2\/pages"}],"about":[{"href":"https:\/\/tierarztpraxis-anjamochow.de\/index.php?rest_route=\/wp\/v2\/types\/page"}],"author":[{"embeddable":true,"href":"https:\/\/tierarztpraxis-anjamochow.de\/index.php?rest_route=\/wp\/v2\/users\/1"}],"replies":[{"embeddable":true,"href":"https:\/\/tierarztpraxis-anjamochow.de\/index.php?rest_route=%2Fwp%2Fv2%2Fcomments&post=390"}],"version-history":[{"count":18,"href":"https:\/\/tierarztpraxis-anjamochow.de\/index.php?rest_route=\/wp\/v2\/pages\/390\/revisions"}],"predecessor-version":[{"id":453,"href":"https:\/\/tierarztpraxis-anjamochow.de\/index.php?rest_route=\/wp\/v2\/pages\/390\/revisions\/453"}],"wp:featuredmedia":[{"embeddable":true,"href":"https:\/\/tierarztpraxis-anjamochow.de\/index.php?rest_route=\/wp\/v2\/media\/444"}],"wp:attachment":[{"href":"https:\/\/tierarztpraxis-anjamochow.de\/index.php?rest_route=%2Fwp%2Fv2%2Fmedia&parent=390"}],"curies":[{"name":"wp","href":"https:\/\/api.w.org\/{rel}","templated":true}]}}